{"id":20852,"date":"2024-12-12T13:39:37","date_gmt":"2024-12-12T13:39:37","guid":{"rendered":"https:\/\/euroroal.me\/cnc-saegeautomat\/"},"modified":"2025-03-04T12:17:16","modified_gmt":"2025-03-04T12:17:16","slug":"cnc-saegeautomat","status":"publish","type":"page","link":"http:\/\/euroroal.me\/de\/cnc-saegeautomat\/","title":{"rendered":"CNC-S\u00e4geautomat"},"content":{"rendered":"\t\t<div data-elementor-type=\"wp-page\" data-elementor-id=\"20852\" class=\"elementor elementor-20852 elementor-2268\" data-elementor-post-type=\"page\">\n\t\t\t\t<div class=\"elementor-element elementor-element-74c4f04c e-flex e-con-boxed e-con e-parent\" data-id=\"74c4f04c\" data-element_type=\"container\" data-settings=\"{&quot;background_background&quot;:&quot;classic&quot;}\">\n\t\t\t\t\t<div class=\"e-con-inner\">\n\t\t<div class=\"elementor-element elementor-element-2097422d e-con-full e-flex e-con e-child\" data-id=\"2097422d\" data-element_type=\"container\">\n\t\t\t\t<div class=\"elementor-element elementor-element-40925c78 elementor-widget elementor-widget-heading\" data-id=\"40925c78\" data-element_type=\"widget\" data-widget_type=\"heading.default\">\n\t\t\t\t<div class=\"elementor-widget-container\">\n\t\t\t\t\t<h2 class=\"elementor-heading-title elementor-size-default\">CNC-S\u00c4GEAUTOMATEN<\/h2>\t\t\t\t<\/div>\n\t\t\t\t<\/div>\n\t\t\t\t<div class=\"elementor-element elementor-element-6a41864d elementor-widget elementor-widget-text-editor\" data-id=\"6a41864d\" data-element_type=\"widget\" data-widget_type=\"text-editor.default\">\n\t\t\t\t<div class=\"elementor-widget-container\">\n\t\t\t\t\t\t\t\t\t<p>Dienstleistungen<\/p>\t\t\t\t\t\t\t\t<\/div>\n\t\t\t\t<\/div>\n\t\t\t\t<\/div>\n\t\t\t\t\t<\/div>\n\t\t\t\t<\/div>\n\t\t<div class=\"elementor-element elementor-element-5c07d04e e-flex e-con-boxed e-con e-parent\" data-id=\"5c07d04e\" data-element_type=\"container\">\n\t\t\t\t\t<div class=\"e-con-inner\">\n\t\t<div class=\"elementor-element elementor-element-26ac277 e-grid e-con-full e-con e-child\" data-id=\"26ac277\" data-element_type=\"container\">\n\t\t<div class=\"elementor-element elementor-element-705f0db e-con-full e-flex e-con e-child\" data-id=\"705f0db\" data-element_type=\"container\">\n\t\t\t\t<div class=\"elementor-element elementor-element-b45845b elementor-arrows-position-inside elementor-widget elementor-widget-image-carousel\" data-id=\"b45845b\" data-element_type=\"widget\" data-settings=\"{&quot;slides_to_show&quot;:&quot;1&quot;,&quot;navigation&quot;:&quot;arrows&quot;,&quot;autoplay&quot;:&quot;yes&quot;,&quot;pause_on_hover&quot;:&quot;yes&quot;,&quot;pause_on_interaction&quot;:&quot;yes&quot;,&quot;autoplay_speed&quot;:5000,&quot;infinite&quot;:&quot;yes&quot;,&quot;effect&quot;:&quot;slide&quot;,&quot;speed&quot;:500}\" data-widget_type=\"image-carousel.default\">\n\t\t\t\t<div class=\"elementor-widget-container\">\n\t\t\t\t\t\t\t<div class=\"elementor-image-carousel-wrapper swiper\" role=\"region\" aria-roledescription=\"carousel\" aria-label=\"Image Carousel\" dir=\"ltr\">\n\t\t\t<div class=\"elementor-image-carousel swiper-wrapper\" aria-live=\"off\">\n\t\t\t\t\t\t\t\t<div class=\"swiper-slide\" role=\"group\" aria-roledescription=\"slide\" aria-label=\"1 von 3\"><figure class=\"swiper-slide-inner\"><img decoding=\"async\" class=\"swiper-slide-image\" src=\"http:\/\/euroroal.me\/wp-content\/uploads\/2024\/12\/cnc-automatska-pila-pedrazzoli-sn-350-ap-cn84269-1024x575.jpg\" alt=\"cnc-automatska-pila-pedrazzoli-sn-350-ap-cn84269\" \/><\/figure><\/div><div class=\"swiper-slide\" role=\"group\" aria-roledescription=\"slide\" aria-label=\"2 von 3\"><figure class=\"swiper-slide-inner\"><img decoding=\"async\" class=\"swiper-slide-image\" src=\"http:\/\/euroroal.me\/wp-content\/uploads\/2025\/01\/automatska-pila2.jpg\" alt=\"automatska pila2\" \/><\/figure><\/div><div class=\"swiper-slide\" role=\"group\" aria-roledescription=\"slide\" aria-label=\"3 von 3\"><figure class=\"swiper-slide-inner\"><img decoding=\"async\" class=\"swiper-slide-image\" src=\"http:\/\/euroroal.me\/wp-content\/uploads\/2025\/01\/automatska-pila.jpg\" alt=\"automatska pila\" \/><\/figure><\/div>\t\t\t<\/div>\n\t\t\t\t\t\t\t\t\t\t\t\t<div class=\"elementor-swiper-button elementor-swiper-button-prev\" role=\"button\" tabindex=\"0\">\n\t\t\t\t\t\t<svg aria-hidden=\"true\" class=\"e-font-icon-svg e-eicon-chevron-left\" viewBox=\"0 0 1000 1000\" xmlns=\"http:\/\/www.w3.org\/2000\/svg\"><path d=\"M646 125C629 125 613 133 604 142L308 442C296 454 292 471 292 487 292 504 296 521 308 533L604 854C617 867 629 875 646 875 663 875 679 871 692 858 704 846 713 829 713 812 713 796 708 779 692 767L438 487 692 225C700 217 708 204 708 187 708 171 704 154 692 142 675 129 663 125 646 125Z\"><\/path><\/svg>\t\t\t\t\t<\/div>\n\t\t\t\t\t<div class=\"elementor-swiper-button elementor-swiper-button-next\" role=\"button\" tabindex=\"0\">\n\t\t\t\t\t\t<svg aria-hidden=\"true\" class=\"e-font-icon-svg e-eicon-chevron-right\" viewBox=\"0 0 1000 1000\" xmlns=\"http:\/\/www.w3.org\/2000\/svg\"><path d=\"M696 533C708 521 713 504 713 487 713 471 708 454 696 446L400 146C388 133 375 125 354 125 338 125 325 129 313 142 300 154 292 171 292 187 292 204 296 221 308 233L563 492 304 771C292 783 288 800 288 817 288 833 296 850 308 863 321 871 338 875 354 875 371 875 388 867 400 854L696 533Z\"><\/path><\/svg>\t\t\t\t\t<\/div>\n\t\t\t\t\n\t\t\t\t\t\t\t\t\t<\/div>\n\t\t\t\t\t\t<\/div>\n\t\t\t\t<\/div>\n\t\t\t\t<div class=\"elementor-element elementor-element-83a9cc2 elementor-widget elementor-widget-heading\" data-id=\"83a9cc2\" data-element_type=\"widget\" data-widget_type=\"heading.default\">\n\t\t\t\t<div class=\"elementor-widget-container\">\n\t\t\t\t\t<h4 class=\"elementor-heading-title elementor-size-default\">CNC-S\u00e4geautomat<\/h4>\t\t\t\t<\/div>\n\t\t\t\t<\/div>\n\t\t\t\t<div class=\"elementor-element elementor-element-c33db0a elementor-widget elementor-widget-text-editor\" data-id=\"c33db0a\" data-element_type=\"widget\" data-widget_type=\"text-editor.default\">\n\t\t\t\t<div class=\"elementor-widget-container\">\n\t\t\t\t\t\t\t\t\t<p>Maximaler Schnittdurchmesser = \u00f8 280 mm<\/p><p>Automatische Bands\u00e4ge, die in erster Linie zum Schneiden von Stahl konzipiert ist. M\u00f6glichkeit zum Schneiden von Vollmaterialien und Rohren. <\/p><p>Grundlegende Eigenschaften:<\/p><ul><li>Bands\u00e4ge mit manueller \/ halbautomatischer \/ automatischer Betriebsart.<\/li><li>Standardm\u00e4\u00dfig ausgestattet mit elektronischer Geschwindigkeitseinstellung im Bereich von 18-90 m\/min und einer Vorrichtung mit Druckeinstellung.<\/li><li>Programmiertes CN-Bedienfeld.<\/li><li>M\u00f6glichkeit, dieselbe Stange so zu programmieren, dass sie in einem einzigen Vorgang automatisch auf unterschiedliche L\u00e4ngen zugeschnitten wird.<\/li><li>Linearpotentiometer f\u00fcr die Bugposition und Amperemeter zur Steuerung der Absorption des Elektromotors<\/li><\/ul>\t\t\t\t\t\t\t\t<\/div>\n\t\t\t\t<\/div>\n\t\t\t\t<\/div>\n\t\t\t\t<\/div>\n\t\t\t\t\t<\/div>\n\t\t\t\t<\/div>\n\t\t\t\t<\/div>\n\t\t","protected":false},"excerpt":{"rendered":"<p>CNC-S\u00c4GEAUTOMATEN Dienstleistungen CNC-S\u00e4geautomat Maximaler Schnittdurchmesser = \u00f8 280 mm Automatische Bands\u00e4ge, die in erster Linie zum Schneiden von Stahl konzipiert ist. M\u00f6glichkeit zum Schneiden von Vollmaterialien und Rohren. Grundlegende Eigenschaften: Bands\u00e4ge mit manueller \/ halbautomatischer \/ automatischer Betriebsart. Standardm\u00e4\u00dfig ausgestattet mit elektronischer Geschwindigkeitseinstellung im Bereich von 18-90 m\/min und einer Vorrichtung mit Druckeinstellung. Programmiertes CN-Bedienfeld. [&hellip;]<\/p>\n","protected":false},"author":1,"featured_media":0,"parent":0,"menu_order":0,"comment_status":"closed","ping_status":"closed","template":"elementor_header_footer","meta":{"footnotes":""},"class_list":["post-20852","page","type-page","status-publish","hentry"],"_links":{"self":[{"href":"http:\/\/euroroal.me\/de\/wp-json\/wp\/v2\/pages\/20852","targetHints":{"allow":["GET"]}}],"collection":[{"href":"http:\/\/euroroal.me\/de\/wp-json\/wp\/v2\/pages"}],"about":[{"href":"http:\/\/euroroal.me\/de\/wp-json\/wp\/v2\/types\/page"}],"author":[{"embeddable":true,"href":"http:\/\/euroroal.me\/de\/wp-json\/wp\/v2\/users\/1"}],"replies":[{"embeddable":true,"href":"http:\/\/euroroal.me\/de\/wp-json\/wp\/v2\/comments?post=20852"}],"version-history":[{"count":1,"href":"http:\/\/euroroal.me\/de\/wp-json\/wp\/v2\/pages\/20852\/revisions"}],"predecessor-version":[{"id":20853,"href":"http:\/\/euroroal.me\/de\/wp-json\/wp\/v2\/pages\/20852\/revisions\/20853"}],"wp:attachment":[{"href":"http:\/\/euroroal.me\/de\/wp-json\/wp\/v2\/media?parent=20852"}],"curies":[{"name":"wp","href":"https:\/\/api.w.org\/{rel}","templated":true}]}}